{"id":1113,"date":"2017-02-07T12:48:14","date_gmt":"2017-02-07T12:48:14","guid":{"rendered":"http:\/\/consulting.stylemixthemes.com\/demo\/?page_id=1113"},"modified":"2017-02-07T12:48:14","modified_gmt":"2017-02-07T12:48:14","slug":"events-classic","status":"publish","type":"page","link":"https:\/\/davidbayang.com\/index.php\/events-classic\/","title":{"rendered":"Events"},"content":{"rendered":"\t\t<div data-elementor-type=\"wp-page\" data-elementor-id=\"1113\" class=\"elementor elementor-1113 elementor-bc-flex-widget\">\n\t\t\t\t\t\t<section class=\"elementor-section elementor-top-section elementor-element elementor-element-dc0b31a elementor-section-boxed elementor-section-height-default elementor-section-height-default\" data-id=\"dc0b31a\" data-element_type=\"section\" data-settings=\"{&quot;background_background&quot;:&quot;classic&quot;}\">\n\t\t\t\t\t\t<div class=\"elementor-container elementor-column-gap-default\">\n\t\t\t\t\t<div class=\"elementor-column elementor-col-100 elementor-top-column elementor-element elementor-element-dc0bb90\" data-id=\"dc0bb90\" data-element_type=\"column\">\n\t\t\t<div class=\"elementor-widget-wrap elementor-element-populated\">\n\t\t\t\t\t\t<div class=\"elementor-element elementor-element-dc0c1c9 elementor-widget elementor-widget-vc_custom_heading\" data-id=\"dc0c1c9\" data-element_type=\"widget\" data-widget_type=\"vc_custom_heading.default\">\n\t\t\t\t<div class=\"elementor-widget-container\">\n\t\t\t\t\t<div class=\" vc_custom_heading  consulting_heading_font  text_align_left\" ><h2 style=\"text-align: left;font-weight:700\" class=\"consulting-custom-title\">events classic\n<\/h2><\/div>\t\t\t\t<\/div>\n\t\t\t\t<\/div>\n\t\t\t\t<div class=\"elementor-element elementor-element-dc0c65f elementor-widget elementor-widget-stm_events\" data-id=\"dc0c65f\" data-element_type=\"widget\" data-widget_type=\"stm_events.default\">\n\t\t\t\t<div class=\"elementor-widget-container\">\n\t\t\t\t\t\n\t\t\t\t<\/div>\n\t\t\t\t<\/div>\n\t\t\t\t\t<\/div>\n\t\t<\/div>\n\t\t\t\t<div class=\"elementor-column elementor-col-100 elementor-top-column elementor-element elementor-element-dc0c77d\" data-id=\"dc0c77d\" data-element_type=\"column\">\n\t\t\t<div class=\"elementor-widget-wrap elementor-element-populated\">\n\t\t\t\t\t\t<div class=\"elementor-element elementor-element-dc0ccdb elementor-widget elementor-widget-stm_sidebar\" data-id=\"dc0ccdb\" data-element_type=\"widget\" data-widget_type=\"stm_sidebar.default\">\n\t\t\t\t<div class=\"elementor-widget-container\">\n\t\t\t\t\t\n<div class=\"stm_sidebar consulting_elementor_sidebar\">\n\n            \t\t<div data-elementor-type=\"wp-post\" data-elementor-id=\"1095\" class=\"elementor elementor-1095 elementor-bc-flex-widget\">\n\t\t\t\t\t\t<section class=\"elementor-section elementor-top-section elementor-element elementor-element-050158f elementor-section-boxed elementor-section-height-default elementor-section-height-default\" data-id=\"050158f\" data-element_type=\"section\" data-settings=\"{&quot;background_background&quot;:&quot;classic&quot;}\">\n\t\t\t\t\t\t<div class=\"elementor-container elementor-column-gap-default\">\n\t\t\t\t\t<div class=\"elementor-column elementor-col-100 elementor-top-column elementor-element elementor-element-0501cf9\" data-id=\"0501cf9\" data-element_type=\"column\">\n\t\t\t<div class=\"elementor-widget-wrap elementor-element-populated\">\n\t\t\t\t\t\t<div class=\"elementor-element elementor-element-050220f elementor-widget elementor-widget-wp-widget-search\" data-id=\"050220f\" data-element_type=\"widget\" data-widget_type=\"wp-widget-search.default\">\n\t\t\t\t<div class=\"elementor-widget-container\">\n\t\t\t\t\t<aside class='widget widget_search'><form method=\"get\" class=\"search-form\" action=\"https:\/\/davidbayang.com\/\">\n\t<input type=\"search\" class=\"form-control\" placeholder=\"Recherche\u2026\" value=\"\" name=\"s\" \/>\n\t<button type=\"submit\"><i class=\"fa fa-search\"><\/i><\/button>\n<\/form><\/aside>\t\t\t\t<\/div>\n\t\t\t\t<\/div>\n\t\t\t\t<div class=\"elementor-element elementor-element-05023cf elementor-widget elementor-widget-vc_custom_heading\" data-id=\"05023cf\" data-element_type=\"widget\" data-widget_type=\"vc_custom_heading.default\">\n\t\t\t\t<div class=\"elementor-widget-container\">\n\t\t\t\t\t<div class=\" vc_custom_heading border_base_color consulting_heading_font  text_align_left\" ><div style=\"font-size: 16px;color: #000000;text-align: left;line-height: 16px;font-weight:700\" class=\"consulting-custom-title\">company events\n<\/div><\/div>\t\t\t\t<\/div>\n\t\t\t\t<\/div>\n\t\t\t\t<div class=\"elementor-element elementor-element-0502872 elementor-widget elementor-widget-stm_events\" data-id=\"0502872\" data-element_type=\"widget\" data-widget_type=\"stm_events.default\">\n\t\t\t\t<div class=\"elementor-widget-container\">\n\t\t\t\t\t\n\t\t\t\t<\/div>\n\t\t\t\t<\/div>\n\t\t\t\t\t<\/div>\n\t\t<\/div>\n\t\t\t\t\t<\/div>\n\t\t<\/section>\n\t\t\t\t<section class=\"elementor-section elementor-top-section elementor-element elementor-element-050297d third_bg_color elementor-section-boxed elementor-section-height-default elementor-section-height-default\" data-id=\"050297d\" data-element_type=\"section\" data-settings=\"{&quot;background_background&quot;:&quot;classic&quot;}\">\n\t\t\t\t\t\t<div class=\"elementor-container elementor-column-gap-default\">\n\t\t\t\t\t<div class=\"elementor-column elementor-col-100 elementor-top-column elementor-element elementor-element-0502fd5\" data-id=\"0502fd5\" data-element_type=\"column\" data-settings=\"{&quot;background_background&quot;:&quot;classic&quot;}\">\n\t\t\t<div class=\"elementor-widget-wrap elementor-element-populated\">\n\t\t\t\t\t\t<div class=\"elementor-element elementor-element-0503421 elementor-widget elementor-widget-vc_custom_heading\" data-id=\"0503421\" data-element_type=\"widget\" data-widget_type=\"vc_custom_heading.default\">\n\t\t\t\t<div class=\"elementor-widget-container\">\n\t\t\t\t\t<div class=\" vc_custom_heading  consulting_heading_font  text_align_left\" ><div style=\"font-size: 16px;color: #222222;text-align: left;font-weight:700\" class=\"consulting-custom-title\">how can we help you?\n<\/div><\/div>\t\t\t\t<\/div>\n\t\t\t\t<\/div>\n\t\t\t\t<div class=\"elementor-element elementor-element-0503740 elementor-widget elementor-widget-text-editor\" data-id=\"0503740\" data-element_type=\"widget\" data-widget_type=\"text-editor.default\">\n\t\t\t\t<div class=\"elementor-widget-container\">\n\t\t\t\t\t\t\t\t\t<p><span style=\"font-size: 13px; line-height: 22px;\">Contact us at the Consulting WP office nearest to you or submit a business inquiry online.<\/span><\/p>\n\t\t\t\t\t\t\t\t<\/div>\n\t\t\t\t<\/div>\n\t\t\t\t<div class=\"elementor-element elementor-element-0503abc elementor-widget__width-auto elementor-widget elementor-widget-button\" data-id=\"0503abc\" data-element_type=\"widget\" data-widget_type=\"button.default\">\n\t\t\t\t<div class=\"elementor-widget-container\">\n\t\t\t\t\t\t\t\t\t<div class=\"elementor-button-wrapper icon_align_  \">\n\t\t\t\t\t<a class=\"elementor-button elementor-button-link elementor-size-sm\" href=\"#\">\n\t\t\t\t\t\t<span class=\"elementor-button-content-wrapper\">\n\t\t\t\t\t\t<span class=\"elementor-button-icon\">\n\t\t\t\t<i aria-hidden=\"true\" class=\"fa fa-phone-square\"><\/i>\t\t\t<\/span>\n\t\t\t\t\t\t\t\t\t<span class=\"elementor-button-text\">contacts<\/span>\n\t\t\t\t\t<\/span>\n\t\t\t\t\t<\/a>\n\t\t\t\t<\/div>\n\t\t\t\t\t\t\t\t<\/div>\n\t\t\t\t<\/div>\n\t\t\t\t\t<\/div>\n\t\t<\/div>\n\t\t\t\t\t<\/div>\n\t\t<\/section>\n\t\t\t\t<section class=\"elementor-section elementor-top-section elementor-element elementor-element-0504bc0 elementor-section-boxed elementor-section-height-default elementor-section-height-default\" data-id=\"0504bc0\" data-element_type=\"section\">\n\t\t\t\t\t\t<div class=\"elementor-container elementor-column-gap-default\">\n\t\t\t\t\t<div class=\"elementor-column elementor-col-100 elementor-top-column elementor-element elementor-element-0505216\" data-id=\"0505216\" data-element_type=\"column\">\n\t\t\t<div class=\"elementor-widget-wrap elementor-element-populated\">\n\t\t\t\t\t\t<div class=\"elementor-element elementor-element-0505726 elementor-widget elementor-widget-wp-widget-archives\" data-id=\"0505726\" data-element_type=\"widget\" data-widget_type=\"wp-widget-archives.default\">\n\t\t\t\t<div class=\"elementor-widget-container\">\n\t\t\t\t\t<aside class='widget widget_archive'><h5 class=\"widget_title\">Archives<\/h5>\n\t\t\t<ul>\n\t\t\t\t\t<li><a href='https:\/\/davidbayang.com\/index.php\/2025\/06\/'>juin 2025<\/a><\/li>\n\t<li><a href='https:\/\/davidbayang.com\/index.php\/2019\/12\/'>d\u00e9cembre 2019<\/a><\/li>\n\t<li><a href='https:\/\/davidbayang.com\/index.php\/2016\/01\/'>janvier 2016<\/a><\/li>\n\t\t\t<\/ul>\n\n\t\t\t<\/aside>\t\t\t\t<\/div>\n\t\t\t\t<\/div>\n\t\t\t\t<div class=\"elementor-element elementor-element-0505995 elementor-widget elementor-widget-wp-widget-recent-posts\" data-id=\"0505995\" data-element_type=\"widget\" data-widget_type=\"wp-widget-recent-posts.default\">\n\t\t\t\t<div class=\"elementor-widget-container\">\n\t\t\t\t\t<aside class='widget widget_recent_entries'>\n\t\t\n\t\t<h5 class=\"widget_title\">Articles r\u00e9cents<\/h5>\n\t\t<ul>\n\t\t\t\t\t\t\t\t\t\t\t<li>\n\t\t\t\t\t<a href=\"https:\/\/davidbayang.com\/index.php\/2025\/06\/07\/capaciter-les-acteurs-de-la-societe-civile\/\">Capaciter les acteurs de la soci\u00e9t\u00e9 civile<\/a>\n\t\t\t\t\t\t\t\t\t<\/li>\n\t\t\t\t\t\t\t\t\t\t\t<li>\n\t\t\t\t\t<a href=\"https:\/\/davidbayang.com\/index.php\/2019\/12\/09\/etre-humanitaire-est-il-un-metier\/\">\u00catre humanitaire, est-il un m\u00e9tier\u00a0?<\/a>\n\t\t\t\t\t\t\t\t\t<\/li>\n\t\t\t\t\t\t\t\t\t\t\t<li>\n\t\t\t\t\t<a href=\"https:\/\/davidbayang.com\/index.php\/2016\/01\/22\/les-6-qualites-dun-bon-projet-de-solidarite\/\">Les 6 qualit\u00e9s d\u2019un bon Projet de solidarit\u00e9<\/a>\n\t\t\t\t\t\t\t\t\t<\/li>\n\t\t\t\t\t\t\t\t\t\t\t<li>\n\t\t\t\t\t<a href=\"https:\/\/davidbayang.com\/index.php\/2016\/01\/22\/les-grandes-etapes-de-lelaboration-dun-projet-de-solidarite\/\">Les grandes \u00e9tapes de l\u2019\u00e9laboration d\u2019un projet de solidarit\u00e9<\/a>\n\t\t\t\t\t\t\t\t\t<\/li>\n\t\t\t\t\t<\/ul>\n\n\t\t<\/aside>\t\t\t\t<\/div>\n\t\t\t\t<\/div>\n\t\t\t\t<div class=\"elementor-element elementor-element-0505c0d elementor-widget elementor-widget-wp-widget-tag_cloud\" data-id=\"0505c0d\" data-element_type=\"widget\" data-widget_type=\"wp-widget-tag_cloud.default\">\n\t\t\t\t<div class=\"elementor-widget-container\">\n\t\t\t\t\t<aside class='widget widget_tag_cloud'><h5 class=\"widget_title\">\u00c9tiquettes<\/h5><div class=\"tagcloud\"><a href=\"https:\/\/davidbayang.com\/index.php\/tag\/cadres-de-solidarite\/\" class=\"tag-cloud-link tag-link-99 tag-link-position-1\" style=\"font-size: 22pt;\" aria-label=\"Cadres de solidarit\u00e9 (3 \u00e9l\u00e9ments)\">Cadres de solidarit\u00e9<\/a>\n<a href=\"https:\/\/davidbayang.com\/index.php\/tag\/consulting\/\" class=\"tag-cloud-link tag-link-28 tag-link-position-2\" style=\"font-size: 8pt;\" aria-label=\"consulting (1 \u00e9l\u00e9ment)\">consulting<\/a>\n<a href=\"https:\/\/davidbayang.com\/index.php\/tag\/finance\/\" class=\"tag-cloud-link tag-link-29 tag-link-position-3\" style=\"font-size: 8pt;\" aria-label=\"finance (1 \u00e9l\u00e9ment)\">finance<\/a>\n<a href=\"https:\/\/davidbayang.com\/index.php\/tag\/humanitaire\/\" class=\"tag-cloud-link tag-link-98 tag-link-position-4\" style=\"font-size: 22pt;\" aria-label=\"Humanitaire (3 \u00e9l\u00e9ments)\">Humanitaire<\/a>\n<a href=\"https:\/\/davidbayang.com\/index.php\/tag\/online-services\/\" class=\"tag-cloud-link tag-link-34 tag-link-position-5\" style=\"font-size: 8pt;\" aria-label=\"online services (1 \u00e9l\u00e9ment)\">online services<\/a>\n<a href=\"https:\/\/davidbayang.com\/index.php\/tag\/portfolios\/\" class=\"tag-cloud-link tag-link-38 tag-link-position-6\" style=\"font-size: 8pt;\" aria-label=\"portfolios (1 \u00e9l\u00e9ment)\">portfolios<\/a>\n<a href=\"https:\/\/davidbayang.com\/index.php\/tag\/professionnalisation\/\" class=\"tag-cloud-link tag-link-96 tag-link-position-7\" style=\"font-size: 22pt;\" aria-label=\"professionnalisation (3 \u00e9l\u00e9ments)\">professionnalisation<\/a>\n<a href=\"https:\/\/davidbayang.com\/index.php\/tag\/solidarite\/\" class=\"tag-cloud-link tag-link-97 tag-link-position-8\" style=\"font-size: 22pt;\" aria-label=\"Solidarit\u00e9 (3 \u00e9l\u00e9ments)\">Solidarit\u00e9<\/a>\n<a href=\"https:\/\/davidbayang.com\/index.php\/tag\/themeforest\/\" class=\"tag-cloud-link tag-link-39 tag-link-position-9\" style=\"font-size: 8pt;\" aria-label=\"themeforest (1 \u00e9l\u00e9ment)\">themeforest<\/a><\/div>\n<\/aside>\t\t\t\t<\/div>\n\t\t\t\t<\/div>\n\t\t\t\t<div class=\"elementor-element elementor-element-0505e8c elementor-widget elementor-widget-vc_custom_heading\" data-id=\"0505e8c\" data-element_type=\"widget\" data-widget_type=\"vc_custom_heading.default\">\n\t\t\t\t<div class=\"elementor-widget-container\">\n\t\t\t\t\t<div class=\" vc_custom_heading border_base_color consulting_heading_font  text_align_left\" ><div style=\"font-size: 16px;color: #000000;text-align: left;line-height: 16px;font-weight:700\" class=\"consulting-custom-title\">see our gallery\n<\/div><\/div>\t\t\t\t<\/div>\n\t\t\t\t<\/div>\n\t\t\t\t<div class=\"elementor-element elementor-element-05061bc elementor-widget elementor-widget-image-gallery\" data-id=\"05061bc\" data-element_type=\"widget\" data-widget_type=\"image-gallery.default\">\n\t\t\t\t<div class=\"elementor-widget-container\">\n\t\t\t\t\t\t\t<div class=\"elementor-image-gallery\">\n\t\t\t<div id='gallery-1' class='gallery galleryid-1113 gallery-columns-4 gallery-size-thumbnail'><figure class='gallery-item'>\n\t\t\t<div class='gallery-icon landscape'>\n\t\t\t\t<a data-elementor-open-lightbox=\"yes\" data-elementor-lightbox-slideshow=\"05061bc\" data-elementor-lightbox-title=\"placeholder.gif\" data-e-action-hash=\"#elementor-action%3Aaction%3Dlightbox%26settings%3DeyJpZCI6MTUsInVybCI6Imh0dHBzOlwvXC9kYXZpZGJheWFuZy5jb21cL3dwLWNvbnRlbnRcL3VwbG9hZHNcLzIwMjFcLzAxXC9wbGFjZWhvbGRlci5naWYiLCJzbGlkZXNob3ciOiIwNTA2MWJjIn0%3D\" href='https:\/\/davidbayang.com\/wp-content\/uploads\/2021\/01\/placeholder.gif'><img decoding=\"async\" width=\"150\" height=\"150\" src=\"https:\/\/davidbayang.com\/wp-content\/uploads\/2021\/01\/placeholder-150x150.gif\" class=\"attachment-thumbnail size-thumbnail\" alt=\"consulting_placeholder\" srcset=\"https:\/\/davidbayang.com\/wp-content\/uploads\/2021\/01\/placeholder-150x150.gif 150w, https:\/\/davidbayang.com\/wp-content\/uploads\/2021\/01\/placeholder-300x300.gif 300w, https:\/\/davidbayang.com\/wp-content\/uploads\/2021\/01\/placeholder-100x100.gif 100w, https:\/\/davidbayang.com\/wp-content\/uploads\/2021\/01\/placeholder-50x50.gif 50w, https:\/\/davidbayang.com\/wp-content\/uploads\/2021\/01\/placeholder-320x320.gif 320w\" sizes=\"(max-width: 150px) 100vw, 150px\" \/><\/a>\n\t\t\t<\/div><\/figure>\n\t\t<\/div>\n\t\t<\/div>\n\t\t\t\t\t\t<\/div>\n\t\t\t\t<\/div>\n\t\t\t\t\t<\/div>\n\t\t<\/div>\n\t\t\t\t\t<\/div>\n\t\t<\/section>\n\t\t\t\t<\/div>\n\t\t    \n<\/div>\t\t\t\t<\/div>\n\t\t\t\t<\/div>\n\t\t\t\t\t<\/div>\n\t\t<\/div>\n\t\t\t\t\t<\/div>\n\t\t<\/section>\n\t\t\t\t<section class=\"elementor-section elementor-top-section elementor-element elementor-element-dc0cded third_bg_color elementor-section-boxed elementor-section-height-default elementor-section-height-default\" data-id=\"dc0cded\" data-element_type=\"section\" data-settings=\"{&quot;background_background&quot;:&quot;classic&quot;}\">\n\t\t\t\t\t\t<div class=\"elementor-container elementor-column-gap-default\">\n\t\t\t\t\t<div class=\"elementor-column elementor-col-100 elementor-top-column elementor-element elementor-element-dc0d412\" data-id=\"dc0d412\" data-element_type=\"column\">\n\t\t\t<div class=\"elementor-widget-wrap elementor-element-populated\">\n\t\t\t\t\t\t<div class=\"elementor-element elementor-element-dc0d8e6 elementor-widget elementor-widget-vc_cta\" data-id=\"dc0d8e6\" data-element_type=\"widget\" data-widget_type=\"vc_cta.default\">\n\t\t\t\t<div class=\"elementor-widget-container\">\n\t\t\t\t\t\n<div class=\"ce_cta ce_cta_d851b7d76b23003e1c223d7bd4e1618d ce_text_left third_bg_color add_button_right btn_align_right btn_button_block_true btn_has_icon btn_has_icon_on_the_right\" id=\"\">\n\n    <div class=\"ce_cta__content\">\n        <div class=\"ce_cta__content__header\">\n            <h2  class='ce_cta__content__title '>Looking for a First-Class Business Plan Consultant?<\/h2>                    <\/div>\n\n        \n    <\/div>\n\n    \n        <div class=\"ce_cta__action\">\n            <a href=\"#\"\n                              target=\"_self\"\n               class=\"button \">\n                <span>get a quote<\/span>\n                                    <i class=\"fa fa-chevron-right\"><\/i>\n                            <\/a>\n        <\/div>\n\n    \n<\/div>\n\t\t\t\t<\/div>\n\t\t\t\t<\/div>\n\t\t\t\t\t<\/div>\n\t\t<\/div>\n\t\t\t\t\t<\/div>\n\t\t<\/section>\n\t\t\t\t<\/div>\n\t\t","protected":false},"excerpt":{"rendered":"<p>[vc_row css=&#8221;.vc_custom_1483689434468{margin-bottom: 50px !important;}&#8221;][vc_column offset=&#8221;vc_col-lg-9&#8243;][vc_custom_heading text=&#8221;events classic&#8221; google_fonts=&#8221;font_family:Montserrat%3Aregular%2C700|font_style:700%20bold%20regular%3A700%3Anormal&#8221; css=&#8221;.vc_custom_1483617714761{margin-top: -18px !important;margin-bottom: 36px !important;}&#8221;][stm_events event_style=&#8221;classic&#8221; posts_per_page=&#8221;3&#8243; pagination_enable=&#8221;true&#8221;][\/vc_column][vc_column offset=&#8221;vc_col-lg-3&#8243;][stm_sidebar sidebar=&#8221;1095&#8243;][\/vc_column][\/vc_row][vc_row full_width=&#8221;stretch_row&#8221; css=&#8221;.vc_custom_1484889414242{margin-bottom: -60px !important;}&#8221; el_class=&#8221;third_bg_color&#8221;][vc_column][vc_cta h2=&#8221;Looking for a First-Class Business Plan Consultant?&#8221; h2_font_container=&#8221;font_size:20px|color:%23000000|line_height:24px&#8221; h2_use_theme_fonts=&#8221;yes&#8221; shape=&#8221;square&#8221; style=&#8221;flat&#8221; add_button=&#8221;right&#8221; btn_title=&#8221;get a quote&#8221; btn_style=&#8221;flat&#8221; btn_color=&#8221;theme_style_2&#8243; btn_align=&#8221;right&#8221; btn_i_align=&#8221;right&#8221; btn_i_icon_fontawesome=&#8221;fa fa-chevron-right&#8221; use_custom_fonts_h2=&#8221;true&#8221; btn_button_block=&#8221;true&#8221; btn_add_icon=&#8221;true&#8221; el_class=&#8221;third_bg_color&#8221; css=&#8221;.vc_custom_1483682939384{margin-bottom: 0px !important;}&#8221;][\/vc_cta][\/vc_column][\/vc_row]<\/p>\n","protected":false},"author":1,"featured_media":0,"parent":0,"menu_order":0,"comment_status":"closed","ping_status":"closed","template":"","meta":{"footnotes":""},"class_list":["post-1113","page","type-page","status-publish","hentry"],"jetpack_sharing_enabled":true,"_links":{"self":[{"href":"https:\/\/davidbayang.com\/index.php\/wp-json\/wp\/v2\/pages\/1113","targetHints":{"allow":["GET"]}}],"collection":[{"href":"https:\/\/davidbayang.com\/index.php\/wp-json\/wp\/v2\/pages"}],"about":[{"href":"https:\/\/davidbayang.com\/index.php\/wp-json\/wp\/v2\/types\/page"}],"author":[{"embeddable":true,"href":"https:\/\/davidbayang.com\/index.php\/wp-json\/wp\/v2\/users\/1"}],"replies":[{"embeddable":true,"href":"https:\/\/davidbayang.com\/index.php\/wp-json\/wp\/v2\/comments?post=1113"}],"version-history":[{"count":0,"href":"https:\/\/davidbayang.com\/index.php\/wp-json\/wp\/v2\/pages\/1113\/revisions"}],"wp:attachment":[{"href":"https:\/\/davidbayang.com\/index.php\/wp-json\/wp\/v2\/media?parent=1113"}],"curies":[{"name":"wp","href":"https:\/\/api.w.org\/{rel}","templated":true}]}}