{"id":324,"date":"2016-01-06T09:37:51","date_gmt":"2016-01-06T09:37:51","guid":{"rendered":"http:\/\/demo3.loc\/?page_id=324"},"modified":"2016-01-06T09:37:51","modified_gmt":"2016-01-06T09:37:51","slug":"testimonials-page","status":"publish","type":"page","link":"https:\/\/davidbayang.com\/index.php\/testimonials-page\/","title":{"rendered":"layout 1"},"content":{"rendered":"\t\t<div data-elementor-type=\"wp-page\" data-elementor-id=\"324\" class=\"elementor elementor-324 elementor-bc-flex-widget\">\n\t\t\t\t\t\t<section class=\"elementor-section elementor-top-section elementor-element elementor-element-83c3efb elementor-section-boxed elementor-section-height-default elementor-section-height-default\" data-id=\"83c3efb\" data-element_type=\"section\" data-settings=\"{&quot;background_background&quot;:&quot;classic&quot;}\">\n\t\t\t\t\t\t<div class=\"elementor-container elementor-column-gap-default\">\n\t\t\t\t\t<div class=\"elementor-column elementor-col-100 elementor-top-column elementor-element elementor-element-83c450b\" data-id=\"83c450b\" data-element_type=\"column\">\n\t\t\t<div class=\"elementor-widget-wrap elementor-element-populated\">\n\t\t\t\t\t\t<div class=\"elementor-element elementor-element-83c4acb elementor-widget elementor-widget-stm_testimonials\" data-id=\"83c4acb\" data-element_type=\"widget\" data-widget_type=\"stm_testimonials.default\">\n\t\t\t\t<div class=\"elementor-widget-container\">\n\t\t\t\t\t\n\n            <div class=\"stm_testimonials consulting_elementor_testimonials cols_2 style_2\">\n                            <div class=\"item\">\n                    <div class=\"testimonial\"><p>\u00ab Le meilleur moyen de r\u00e9ussir, c\u2019est toujours d\u2019essayer encore une fois. \u00bb<\/p>\n<\/div>\n                    <div class=\"testimonial-info clearfix\">\n                        <div class=\"testimonial-image\"><img decoding=\"async\" width=\"50\" height=\"50\" src=\"https:\/\/davidbayang.com\/wp-content\/uploads\/2021\/02\/0d0be926-6ec3-4630-a811-4d2f444eaee7-50x50.jpeg\" class=\"attachment-consulting-image-50x50-croped size-consulting-image-50x50-croped wp-post-image\" alt=\"\" srcset=\"https:\/\/davidbayang.com\/wp-content\/uploads\/2021\/02\/0d0be926-6ec3-4630-a811-4d2f444eaee7-50x50.jpeg 50w, https:\/\/davidbayang.com\/wp-content\/uploads\/2021\/02\/0d0be926-6ec3-4630-a811-4d2f444eaee7-150x150.jpeg 150w, https:\/\/davidbayang.com\/wp-content\/uploads\/2021\/02\/0d0be926-6ec3-4630-a811-4d2f444eaee7.jpeg 200w, https:\/\/davidbayang.com\/wp-content\/uploads\/2021\/02\/0d0be926-6ec3-4630-a811-4d2f444eaee7-100x100.jpeg 100w\" sizes=\"(max-width: 50px) 100vw, 50px\" \/><\/div>\n                        <div class=\"testimonial-text\">\n                            <div class=\"name\">Thomas Edison<\/div>\n                            <div class=\"company\">\n                                Scientifique                            <\/div>\n                        <\/div>\n                    <\/div>\n                <\/div>\n                            <div class=\"item\">\n                    <div class=\"testimonial\"><p>\u00ab C\u2019est ce que nous pensons d\u00e9j\u00e0 conna\u00eetre qui nous emp\u00eache souvent d\u2019apprendre. \u00bb<\/p>\n<\/div>\n                    <div class=\"testimonial-info clearfix\">\n                        <div class=\"testimonial-image\"><img decoding=\"async\" width=\"50\" height=\"50\" src=\"https:\/\/davidbayang.com\/wp-content\/uploads\/2016\/04\/be7d43b7-40de-4f9b-b1b3-eccefa9c3776-50x50.jpeg\" class=\"attachment-consulting-image-50x50-croped size-consulting-image-50x50-croped wp-post-image\" alt=\"\" srcset=\"https:\/\/davidbayang.com\/wp-content\/uploads\/2016\/04\/be7d43b7-40de-4f9b-b1b3-eccefa9c3776-50x50.jpeg 50w, https:\/\/davidbayang.com\/wp-content\/uploads\/2016\/04\/be7d43b7-40de-4f9b-b1b3-eccefa9c3776-150x150.jpeg 150w, https:\/\/davidbayang.com\/wp-content\/uploads\/2016\/04\/be7d43b7-40de-4f9b-b1b3-eccefa9c3776-320x320.jpeg 320w, https:\/\/davidbayang.com\/wp-content\/uploads\/2016\/04\/be7d43b7-40de-4f9b-b1b3-eccefa9c3776-300x300.jpeg 300w, https:\/\/davidbayang.com\/wp-content\/uploads\/2016\/04\/be7d43b7-40de-4f9b-b1b3-eccefa9c3776-100x100.jpeg 100w\" sizes=\"(max-width: 50px) 100vw, 50px\" \/><\/div>\n                        <div class=\"testimonial-text\">\n                            <div class=\"name\">Claude Bernard<\/div>\n                            <div class=\"company\">\n                                M\u00e9decin , Physiologiste fran\u00e7ais                            <\/div>\n                        <\/div>\n                    <\/div>\n                <\/div>\n                            <div class=\"item\">\n                    <div class=\"testimonial\"><p>Intellectual rigor, deep knowledge of organizations and systems, and commitment to communities \u2014 for those reasons, ConsultingWP is an invaluable partner. Our teams have collaborated to support the growing field of practitioners using collective impact to tackle society\u2019s most complex problems. We couldn\u2019t\u2014and wouldn\u2019t want to \u2014 do it without them.<\/p>\n<\/div>\n                    <div class=\"testimonial-info clearfix\">\n                        <div class=\"testimonial-image\"><img decoding=\"async\" width=\"50\" height=\"50\" src=\"https:\/\/davidbayang.com\/wp-content\/uploads\/2016\/05\/placeholder-50x50.gif\" class=\"attachment-consulting-image-50x50-croped size-consulting-image-50x50-croped wp-post-image\" alt=\"theme_placeholder\" srcset=\"https:\/\/davidbayang.com\/wp-content\/uploads\/2016\/05\/placeholder-50x50.gif 50w, https:\/\/davidbayang.com\/wp-content\/uploads\/2016\/05\/placeholder-300x300.gif 300w, https:\/\/davidbayang.com\/wp-content\/uploads\/2016\/05\/placeholder-100x100.gif 100w, https:\/\/davidbayang.com\/wp-content\/uploads\/2016\/05\/placeholder-150x150.gif 150w, https:\/\/davidbayang.com\/wp-content\/uploads\/2016\/05\/placeholder-320x320.gif 320w\" sizes=\"(max-width: 50px) 100vw, 50px\" \/><\/div>\n                        <div class=\"testimonial-text\">\n                            <div class=\"name\">Amanda Seyfried<\/div>\n                            <div class=\"company\">\n                                Sales &amp; Marketing, Alien Ltd.                            <\/div>\n                        <\/div>\n                    <\/div>\n                <\/div>\n                            <div class=\"item\">\n                    <div class=\"testimonial\"><p>Consulting WordPress Theme is the way to go for financial institutions. We take pride in being a transparent and perfection oriented organization.<\/p>\n<\/div>\n                    <div class=\"testimonial-info clearfix\">\n                        <div class=\"testimonial-image\"><img decoding=\"async\" width=\"50\" height=\"50\" src=\"https:\/\/davidbayang.com\/wp-content\/uploads\/2016\/05\/placeholder-50x50.gif\" class=\"attachment-consulting-image-50x50-croped size-consulting-image-50x50-croped wp-post-image\" alt=\"theme_placeholder\" srcset=\"https:\/\/davidbayang.com\/wp-content\/uploads\/2016\/05\/placeholder-50x50.gif 50w, https:\/\/davidbayang.com\/wp-content\/uploads\/2016\/05\/placeholder-300x300.gif 300w, https:\/\/davidbayang.com\/wp-content\/uploads\/2016\/05\/placeholder-100x100.gif 100w, https:\/\/davidbayang.com\/wp-content\/uploads\/2016\/05\/placeholder-150x150.gif 150w, https:\/\/davidbayang.com\/wp-content\/uploads\/2016\/05\/placeholder-320x320.gif 320w\" sizes=\"(max-width: 50px) 100vw, 50px\" \/><\/div>\n                        <div class=\"testimonial-text\">\n                            <div class=\"name\">Christian Marcil<\/div>\n                            <div class=\"company\">\n                                Partner &amp; Managing Director, Grandier Co.                            <\/div>\n                        <\/div>\n                    <\/div>\n                <\/div>\n                            <div class=\"item\">\n                    <div class=\"testimonial\"><p>Prior to joining Consulting WP, Bianca ran a project management software firm in the U.S. and worked in consulting and investment banking.<\/p>\n<\/div>\n                    <div class=\"testimonial-info clearfix\">\n                        <div class=\"testimonial-image\"><img decoding=\"async\" width=\"50\" height=\"50\" src=\"https:\/\/davidbayang.com\/wp-content\/uploads\/2016\/05\/placeholder-50x50.gif\" class=\"attachment-consulting-image-50x50-croped size-consulting-image-50x50-croped wp-post-image\" alt=\"theme_placeholder\" srcset=\"https:\/\/davidbayang.com\/wp-content\/uploads\/2016\/05\/placeholder-50x50.gif 50w, https:\/\/davidbayang.com\/wp-content\/uploads\/2016\/05\/placeholder-300x300.gif 300w, https:\/\/davidbayang.com\/wp-content\/uploads\/2016\/05\/placeholder-100x100.gif 100w, https:\/\/davidbayang.com\/wp-content\/uploads\/2016\/05\/placeholder-150x150.gif 150w, https:\/\/davidbayang.com\/wp-content\/uploads\/2016\/05\/placeholder-320x320.gif 320w\" sizes=\"(max-width: 50px) 100vw, 50px\" \/><\/div>\n                        <div class=\"testimonial-text\">\n                            <div class=\"name\">Bianca Hammound<\/div>\n                            <div class=\"company\">\n                                Managing Director, Ericksson                            <\/div>\n                        <\/div>\n                    <\/div>\n                <\/div>\n                            <div class=\"item\">\n                    <div class=\"testimonial\"><p>We thought a lot before choosing the Financial WordPress Theme because we wanted to sure our investment would yield results. This was clearly the best choice.<\/p>\n<\/div>\n                    <div class=\"testimonial-info clearfix\">\n                        <div class=\"testimonial-image\"><img decoding=\"async\" width=\"50\" height=\"50\" src=\"https:\/\/davidbayang.com\/wp-content\/uploads\/2016\/05\/placeholder-50x50.gif\" class=\"attachment-consulting-image-50x50-croped size-consulting-image-50x50-croped wp-post-image\" alt=\"theme_placeholder\" srcset=\"https:\/\/davidbayang.com\/wp-content\/uploads\/2016\/05\/placeholder-50x50.gif 50w, https:\/\/davidbayang.com\/wp-content\/uploads\/2016\/05\/placeholder-300x300.gif 300w, https:\/\/davidbayang.com\/wp-content\/uploads\/2016\/05\/placeholder-100x100.gif 100w, https:\/\/davidbayang.com\/wp-content\/uploads\/2016\/05\/placeholder-150x150.gif 150w, https:\/\/davidbayang.com\/wp-content\/uploads\/2016\/05\/placeholder-320x320.gif 320w\" sizes=\"(max-width: 50px) 100vw, 50px\" \/><\/div>\n                        <div class=\"testimonial-text\">\n                            <div class=\"name\">Cintia Le Corre<\/div>\n                            <div class=\"company\">\n                                Chairman, Harmony Corporation                            <\/div>\n                        <\/div>\n                    <\/div>\n                <\/div>\n                    <\/div>\n    \n\t\t\t\t<\/div>\n\t\t\t\t<\/div>\n\t\t\t\t\t<\/div>\n\t\t<\/div>\n\t\t\t\t\t<\/div>\n\t\t<\/section>\n\t\t\t\t<section class=\"elementor-section elementor-top-section elementor-element elementor-element-83c4be1 third_bg_color elementor-section-boxed elementor-section-height-default elementor-section-height-default\" data-id=\"83c4be1\" data-element_type=\"section\" data-settings=\"{&quot;background_background&quot;:&quot;classic&quot;}\">\n\t\t\t\t\t\t<div class=\"elementor-container elementor-column-gap-default\">\n\t\t\t\t\t<div class=\"elementor-column elementor-col-100 elementor-top-column elementor-element elementor-element-83c520c\" data-id=\"83c520c\" data-element_type=\"column\">\n\t\t\t<div class=\"elementor-widget-wrap elementor-element-populated\">\n\t\t\t\t\t\t<div class=\"elementor-element elementor-element-83c5701 elementor-widget elementor-widget-vc_cta\" data-id=\"83c5701\" data-element_type=\"widget\" data-widget_type=\"vc_cta.default\">\n\t\t\t\t<div class=\"elementor-widget-container\">\n\t\t\t\t\t\n<div class=\"ce_cta ce_cta_88c046d6f0db5fffc216d96d6a1251bb ce_text_left third_bg_color add_button_right btn_align_right btn_button_block_true btn_has_icon btn_has_icon_on_the_right\" id=\"\">\n\n    <div class=\"ce_cta__content\">\n        <div class=\"ce_cta__content__header\">\n            <h2  class='ce_cta__content__title '>Looking for a First-Class Business Plan Consultant?<\/h2>                    <\/div>\n\n        \n    <\/div>\n\n    \n        <div class=\"ce_cta__action\">\n            <a href=\"#\"\n                              target=\"_self\"\n               class=\"button \">\n                <span>get a quote<\/span>\n                                    <i class=\"fa fa-chevron-right\"><\/i>\n                            <\/a>\n        <\/div>\n\n    \n<\/div>\n\t\t\t\t<\/div>\n\t\t\t\t<\/div>\n\t\t\t\t\t<\/div>\n\t\t<\/div>\n\t\t\t\t\t<\/div>\n\t\t<\/section>\n\t\t\t\t<\/div>\n\t\t","protected":false},"excerpt":{"rendered":"<p>[vc_row css=&#8221;.vc_custom_1452077539315{margin-bottom: 40px !important;}&#8221;][vc_column][stm_testimonials count=&#8221;6&#8243; per_row=&#8221;2&#8243; style=&#8221;style_2&#8243;][\/vc_column][\/vc_row][vc_row full_width=&#8221;stretch_row&#8221; el_class=&#8221;third_bg_color&#8221; css=&#8221;.vc_custom_1451889219674{margin-bottom: -60px !important;}&#8221;][vc_column][vc_cta h2=&#8221;Looking for a First-Class Business Plan Consultant?&#8221; h2_font_container=&#8221;font_size:20px|color:%23000000|line_height:24px&#8221; h2_use_theme_fonts=&#8221;yes&#8221; shape=&#8221;square&#8221; style=&#8221;flat&#8221; add_button=&#8221;right&#8221; btn_title=&#8221;get a quote&#8221; btn_style=&#8221;flat&#8221; btn_color=&#8221;theme_style_2&#8243; btn_align=&#8221;right&#8221; btn_i_align=&#8221;right&#8221; btn_i_icon_fontawesome=&#8221;fa fa-chevron-right&#8221; btn_add_icon=&#8221;true&#8221; btn_button_block=&#8221;true&#8221; el_class=&#8221;third_bg_color&#8221; css=&#8221;.vc_custom_1451762600590{margin-bottom: 0px !important;}&#8221; use_custom_fonts_h2=&#8221;true&#8221;][\/vc_cta][\/vc_column][\/vc_row]<\/p>\n","protected":false},"author":1,"featured_media":0,"parent":0,"menu_order":0,"comment_status":"closed","ping_status":"closed","template":"","meta":{"footnotes":""},"class_list":["post-324","page","type-page","status-publish","hentry"],"jetpack_sharing_enabled":true,"_links":{"self":[{"href":"https:\/\/davidbayang.com\/index.php\/wp-json\/wp\/v2\/pages\/324","targetHints":{"allow":["GET"]}}],"collection":[{"href":"https:\/\/davidbayang.com\/index.php\/wp-json\/wp\/v2\/pages"}],"about":[{"href":"https:\/\/davidbayang.com\/index.php\/wp-json\/wp\/v2\/types\/page"}],"author":[{"embeddable":true,"href":"https:\/\/davidbayang.com\/index.php\/wp-json\/wp\/v2\/users\/1"}],"replies":[{"embeddable":true,"href":"https:\/\/davidbayang.com\/index.php\/wp-json\/wp\/v2\/comments?post=324"}],"version-history":[{"count":0,"href":"https:\/\/davidbayang.com\/index.php\/wp-json\/wp\/v2\/pages\/324\/revisions"}],"wp:attachment":[{"href":"https:\/\/davidbayang.com\/index.php\/wp-json\/wp\/v2\/media?parent=324"}],"curies":[{"name":"wp","href":"https:\/\/api.w.org\/{rel}","templated":true}]}}