{"id":6318,"date":"2019-12-09T11:41:49","date_gmt":"2019-12-09T11:41:49","guid":{"rendered":"http:\/\/consulting.stylemixthemes.com\/demo\/?page_id=6318"},"modified":"2019-12-09T11:41:49","modified_gmt":"2019-12-09T11:41:49","slug":"cases-list","status":"publish","type":"page","link":"https:\/\/davidbayang.com\/index.php\/cases-list\/","title":{"rendered":"Cases list"},"content":{"rendered":"\t\t<div data-elementor-type=\"wp-page\" data-elementor-id=\"6318\" class=\"elementor elementor-6318 elementor-bc-flex-widget\">\n\t\t\t\t\t\t<section class=\"elementor-section elementor-top-section elementor-element elementor-element-78a4a03 elementor-section-boxed elementor-section-height-default elementor-section-height-default\" data-id=\"78a4a03\" data-element_type=\"section\">\n\t\t\t\t\t\t<div class=\"elementor-container elementor-column-gap-default\">\n\t\t\t\t\t<div class=\"elementor-column elementor-col-66 elementor-top-column elementor-element elementor-element-78a50ad\" data-id=\"78a50ad\" data-element_type=\"column\">\n\t\t\t<div class=\"elementor-widget-wrap elementor-element-populated\">\n\t\t\t\t\t\t<div class=\"elementor-element elementor-element-78a54d2 elementor-widget elementor-widget-stm_news\" data-id=\"78a54d2\" data-element_type=\"widget\" data-widget_type=\"stm_news.default\">\n\t\t\t\t<div class=\"elementor-widget-container\">\n\t\t\t\t\t\n\n    <div class=\"stm_news  consulting_elementor_posts\">\n        <ul class=\"news_list posts_per_row_\">\n\n                                                <li class=\"view_style_3\">\n    <div class=\"post_item\">\n                    <a href=\"https:\/\/davidbayang.com\/index.php\/works\/healthcare-giant-overcomes-merger-risks-for-growth\/\" class=\"image\">\n                <img decoding=\"async\" class=\"\" src=\"https:\/\/davidbayang.com\/wp-content\/uploads\/2016\/01\/0045331e-b68d-4c93-b765-48280fcce087-260x170.jpeg\" width=\"260\" height=\"170\" alt=\"0045331e-b68d-4c93-b765-48280fcce087\" title=\"0045331e-b68d-4c93-b765-48280fcce087\" \/>            <\/a>\n                <div class=\"content\">\n            <a href=\"https:\/\/davidbayang.com\/index.php\/works\/healthcare-giant-overcomes-merger-risks-for-growth\/\" class=\"title base_font_color\">\n                <h5 class=\"secondary_font_color_hv\">Les \u00e9l\u00e9ments a\u0300 faire ressortir dans la pr\u00e9sentation de votre projet<\/h5>\n            <\/a>\n            <div class=\"description\">\n                <p>Business Services<\/p>\n            <\/div>\n            <a href=\"https:\/\/davidbayang.com\/index.php\/works\/healthcare-giant-overcomes-merger-risks-for-growth\/\" class=\"read_more\">\n                <i class=\"stm-lnr-arrow-right third_bg_color base_bg_color_hv\"><\/i>\n                <span>\n                Lire plus                <\/span>\n            <\/a>\n        <\/div>\n    <\/div>\n<\/li>                                                    <li class=\"view_style_3\">\n    <div class=\"post_item\">\n                    <a href=\"https:\/\/davidbayang.com\/index.php\/works\/focus-on-core-delivers-growth-for-retailer\/\" class=\"image\">\n                <img decoding=\"async\" class=\"\" src=\"https:\/\/davidbayang.com\/wp-content\/uploads\/2016\/01\/WhatsApp-Image-2021-02-03-at-16.10.13-260x170.jpeg\" width=\"260\" height=\"170\" alt=\"WhatsApp Image 2021-02-03 at 16.10.13\" title=\"WhatsApp Image 2021-02-03 at 16.10.13\" \/>            <\/a>\n                <div class=\"content\">\n            <a href=\"https:\/\/davidbayang.com\/index.php\/works\/focus-on-core-delivers-growth-for-retailer\/\" class=\"title base_font_color\">\n                <h5 class=\"secondary_font_color_hv\">Focus on core delivers growth for retailer trading<\/h5>\n            <\/a>\n            <div class=\"description\">\n                <p>Travel &amp; Aviation<\/p>\n            <\/div>\n            <a href=\"https:\/\/davidbayang.com\/index.php\/works\/focus-on-core-delivers-growth-for-retailer\/\" class=\"read_more\">\n                <i class=\"stm-lnr-arrow-right third_bg_color base_bg_color_hv\"><\/i>\n                <span>\n                Lire plus                <\/span>\n            <\/a>\n        <\/div>\n    <\/div>\n<\/li>                                                    <li class=\"view_style_3\">\n    <div class=\"post_item\">\n                    <a href=\"https:\/\/davidbayang.com\/index.php\/works\/les-6-qualites-dun-bon-projet\/\" class=\"image\">\n                <img decoding=\"async\" class=\"\" src=\"https:\/\/davidbayang.com\/wp-content\/uploads\/2016\/01\/WhatsApp-Image-2021-02-03-at-16.09.33-260x170.jpeg\" width=\"260\" height=\"170\" alt=\"WhatsApp Image 2021-02-03 at 16.09.33\" title=\"WhatsApp Image 2021-02-03 at 16.09.33\" \/>            <\/a>\n                <div class=\"content\">\n            <a href=\"https:\/\/davidbayang.com\/index.php\/works\/les-6-qualites-dun-bon-projet\/\" class=\"title base_font_color\">\n                <h5 class=\"secondary_font_color_hv\">Les 6 qualit\u00e9s d\u2019un bon Projet<\/h5>\n            <\/a>\n            <div class=\"description\">\n                <p>Business Services<\/p>\n            <\/div>\n            <a href=\"https:\/\/davidbayang.com\/index.php\/works\/les-6-qualites-dun-bon-projet\/\" class=\"read_more\">\n                <i class=\"stm-lnr-arrow-right third_bg_color base_bg_color_hv\"><\/i>\n                <span>\n                Lire plus                <\/span>\n            <\/a>\n        <\/div>\n    <\/div>\n<\/li>                                                    <li class=\"view_style_3\">\n    <div class=\"post_item\">\n                    <a href=\"https:\/\/davidbayang.com\/index.php\/works\/leading-consumer-products-companies\/\" class=\"image\">\n                <img loading=\"lazy\" decoding=\"async\" class=\"\" src=\"https:\/\/davidbayang.com\/wp-content\/uploads\/2016\/01\/art1-1-260x170.png\" width=\"260\" height=\"170\" alt=\"art1\" title=\"art1\" \/>            <\/a>\n                <div class=\"content\">\n            <a href=\"https:\/\/davidbayang.com\/index.php\/works\/leading-consumer-products-companies\/\" class=\"title base_font_color\">\n                <h5 class=\"secondary_font_color_hv\">Renforcer l\u2019autonomie des organisations paysannes<\/h5>\n            <\/a>\n            <div class=\"description\">\n                            <\/div>\n            <a href=\"https:\/\/davidbayang.com\/index.php\/works\/leading-consumer-products-companies\/\" class=\"read_more\">\n                <i class=\"stm-lnr-arrow-right third_bg_color base_bg_color_hv\"><\/i>\n                <span>\n                Lire plus                <\/span>\n            <\/a>\n        <\/div>\n    <\/div>\n<\/li>                                                    <li class=\"view_style_3\">\n    <div class=\"post_item\">\n                    <a href=\"https:\/\/davidbayang.com\/index.php\/works\/bain-helps-transportation-companies\/\" class=\"image\">\n                <img loading=\"lazy\" decoding=\"async\" class=\"\" src=\"https:\/\/davidbayang.com\/wp-content\/uploads\/2016\/01\/WhatsApp-Image-2021-02-03-at-16.00.47-260x170.jpeg\" width=\"260\" height=\"170\" alt=\"WhatsApp Image 2021-02-03 at 16.00.47\" title=\"WhatsApp Image 2021-02-03 at 16.00.47\" \/>            <\/a>\n                <div class=\"content\">\n            <a href=\"https:\/\/davidbayang.com\/index.php\/works\/bain-helps-transportation-companies\/\" class=\"title base_font_color\">\n                <h5 class=\"secondary_font_color_hv\">Bain helps transportation &#038; logistics companies<\/h5>\n            <\/a>\n            <div class=\"description\">\n                            <\/div>\n            <a href=\"https:\/\/davidbayang.com\/index.php\/works\/bain-helps-transportation-companies\/\" class=\"read_more\">\n                <i class=\"stm-lnr-arrow-right third_bg_color base_bg_color_hv\"><\/i>\n                <span>\n                Lire plus                <\/span>\n            <\/a>\n        <\/div>\n    <\/div>\n<\/li>                        <\/ul>\n    <\/div>\n\n\t\t\t\t<\/div>\n\t\t\t\t<\/div>\n\t\t\t\t\t<\/div>\n\t\t<\/div>\n\t\t\t\t<div class=\"elementor-column elementor-col-33 elementor-top-column elementor-element elementor-element-78a55f7\" data-id=\"78a55f7\" data-element_type=\"column\">\n\t\t\t<div class=\"elementor-widget-wrap elementor-element-populated\">\n\t\t\t\t\t\t<div class=\"elementor-element elementor-element-78a5b99 elementor-widget elementor-widget-stm_sidebar\" data-id=\"78a5b99\" data-element_type=\"widget\" data-widget_type=\"stm_sidebar.default\">\n\t\t\t\t<div class=\"elementor-widget-container\">\n\t\t\t\t\t\n<div class=\"stm_sidebar consulting_elementor_sidebar\">\n\n            \t\t<div data-elementor-type=\"wp-post\" data-elementor-id=\"573\" class=\"elementor elementor-573\">\n\t\t\t\t\t\t<section class=\"elementor-section elementor-top-section elementor-element elementor-element-3af32c0 third_bg_color elementor-section-boxed elementor-section-height-default elementor-section-height-default\" data-id=\"3af32c0\" data-element_type=\"section\" data-settings=\"{&quot;background_background&quot;:&quot;classic&quot;}\">\n\t\t\t\t\t\t<div class=\"elementor-container elementor-column-gap-default\">\n\t\t\t\t\t<div class=\"elementor-column elementor-col-100 elementor-top-column elementor-element elementor-element-3af3996\" data-id=\"3af3996\" data-element_type=\"column\" data-settings=\"{&quot;background_background&quot;:&quot;classic&quot;}\">\n\t\t\t<div class=\"elementor-widget-wrap elementor-element-populated\">\n\t\t\t\t\t\t<div class=\"elementor-element elementor-element-3af3f0c elementor-widget elementor-widget-vc_custom_heading\" data-id=\"3af3f0c\" data-element_type=\"widget\" data-widget_type=\"vc_custom_heading.default\">\n\t\t\t\t<div class=\"elementor-widget-container\">\n\t\t\t\t\t<div class=\" vc_custom_heading  consulting_heading_font  text_align_left\" ><div style=\"font-size: 16px;color: #222222;text-align: left;font-weight:700\" class=\"consulting-custom-title\">Comment vous \u00eatre utile ?\n<\/div><\/div>\t\t\t\t<\/div>\n\t\t\t\t<\/div>\n\t\t\t\t<div class=\"elementor-element elementor-element-3b00144 elementor-widget elementor-widget-text-editor\" data-id=\"3b00144\" data-element_type=\"widget\" data-widget_type=\"text-editor.default\">\n\t\t\t\t<div class=\"elementor-widget-container\">\n\t\t\t\t\t\t\t\t\t<p>Nous accompagnons des associations locales et des Organisations non gouvernementales, des parlementaires et des collectivit\u00e9s d\u00e9centralis\u00e9es dans diverses initiatives sociales.<\/p>\n\t\t\t\t\t\t\t\t<\/div>\n\t\t\t\t<\/div>\n\t\t\t\t<div class=\"elementor-element elementor-element-3b004d9 elementor-widget__width-auto elementor-widget elementor-widget-button\" data-id=\"3b004d9\" data-element_type=\"widget\" data-widget_type=\"button.default\">\n\t\t\t\t<div class=\"elementor-widget-container\">\n\t\t\t\t\t\t\t\t\t<div class=\"elementor-button-wrapper icon_align_  \">\n\t\t\t\t\t<a class=\"elementor-button elementor-button-link elementor-size-sm\" href=\"https:\/\/davidbayang.com\/index.php\/contact\/\">\n\t\t\t\t\t\t<span class=\"elementor-button-content-wrapper\">\n\t\t\t\t\t\t<span class=\"elementor-button-icon\">\n\t\t\t\t<i aria-hidden=\"true\" class=\"fa fa-phone-square\"><\/i>\t\t\t<\/span>\n\t\t\t\t\t\t\t\t\t<span class=\"elementor-button-text\">Contact<\/span>\n\t\t\t\t\t<\/span>\n\t\t\t\t\t<\/a>\n\t\t\t\t<\/div>\n\t\t\t\t\t\t\t\t<\/div>\n\t\t\t\t<\/div>\n\t\t\t\t\t<\/div>\n\t\t<\/div>\n\t\t\t\t\t<\/div>\n\t\t<\/section>\n\t\t\t\t<section class=\"elementor-section elementor-top-section elementor-element elementor-element-3b016d9 elementor-section-boxed elementor-section-height-default elementor-section-height-default\" data-id=\"3b016d9\" data-element_type=\"section\" data-settings=\"{&quot;background_background&quot;:&quot;classic&quot;}\">\n\t\t\t\t\t\t<div class=\"elementor-container elementor-column-gap-default\">\n\t\t\t\t\t<div class=\"elementor-column elementor-col-100 elementor-top-column elementor-element elementor-element-3b01de2\" data-id=\"3b01de2\" data-element_type=\"column\">\n\t\t\t<div class=\"elementor-widget-wrap elementor-element-populated\">\n\t\t\t\t\t\t<div class=\"elementor-element elementor-element-3b026cd elementor-align-left elementor-widget elementor-widget-button\" data-id=\"3b026cd\" data-element_type=\"widget\" data-widget_type=\"button.default\">\n\t\t\t\t<div class=\"elementor-widget-container\">\n\t\t\t\t\t\t\t\t\t<div class=\"elementor-button-wrapper icon_align_  button_block\">\n\t\t\t\t\t<a class=\"elementor-button elementor-button-link elementor-size-lg\" href=\"https:\/\/davidbayang.com\/index.php\/nous-connaitre\/\">\n\t\t\t\t\t\t<span class=\"elementor-button-content-wrapper\">\n\t\t\t\t\t\t<span class=\"elementor-button-icon\">\n\t\t\t\t<i aria-hidden=\"true\" class=\"fa fa-file-pdf-o\"><\/i>\t\t\t<\/span>\n\t\t\t\t\t\t\t\t\t<span class=\"elementor-button-text\">A propos de nous<\/span>\n\t\t\t\t\t<\/span>\n\t\t\t\t\t<\/a>\n\t\t\t\t<\/div>\n\t\t\t\t\t\t\t\t<\/div>\n\t\t\t\t<\/div>\n\t\t\t\t<div class=\"elementor-element elementor-element-3b039e3 elementor-widget elementor-widget-stm_testimonials\" data-id=\"3b039e3\" data-element_type=\"widget\" data-widget_type=\"stm_testimonials.default\">\n\t\t\t\t<div class=\"elementor-widget-container\">\n\t\t\t\t\t\n\n            <div class=\"stm_testimonials consulting_elementor_testimonials style_1\">\n                            <div class=\"item\">\n                    <div class=\"testimonial\"><p>\u00ab Le meilleur moyen de r\u00e9ussir, c\u2019est toujours d\u2019essayer encore une fois. \u00bb<\/p>\n<\/div>\n                    <div class=\"testimonial-info clearfix\">\n                        <div class=\"testimonial-image\"><img loading=\"lazy\" decoding=\"async\" width=\"50\" height=\"50\" src=\"https:\/\/davidbayang.com\/wp-content\/uploads\/2021\/02\/0d0be926-6ec3-4630-a811-4d2f444eaee7-50x50.jpeg\" class=\"attachment-consulting-image-50x50-croped size-consulting-image-50x50-croped wp-post-image\" alt=\"\" srcset=\"https:\/\/davidbayang.com\/wp-content\/uploads\/2021\/02\/0d0be926-6ec3-4630-a811-4d2f444eaee7-50x50.jpeg 50w, https:\/\/davidbayang.com\/wp-content\/uploads\/2021\/02\/0d0be926-6ec3-4630-a811-4d2f444eaee7-150x150.jpeg 150w, https:\/\/davidbayang.com\/wp-content\/uploads\/2021\/02\/0d0be926-6ec3-4630-a811-4d2f444eaee7.jpeg 200w, https:\/\/davidbayang.com\/wp-content\/uploads\/2021\/02\/0d0be926-6ec3-4630-a811-4d2f444eaee7-100x100.jpeg 100w\" sizes=\"(max-width: 50px) 100vw, 50px\" \/><\/div>\n                        <div class=\"testimonial-text\">\n                            <div class=\"name\">Thomas Edison<\/div>\n                            <div class=\"company\">\n                                Scientifique                            <\/div>\n                        <\/div>\n                    <\/div>\n                <\/div>\n                    <\/div>\n    \n\t\t\t\t<\/div>\n\t\t\t\t<\/div>\n\t\t\t\t<div class=\"elementor-element elementor-element-3b03b01 elementor-widget elementor-widget-wp-widget-recent-posts\" data-id=\"3b03b01\" data-element_type=\"widget\" data-widget_type=\"wp-widget-recent-posts.default\">\n\t\t\t\t<div class=\"elementor-widget-container\">\n\t\t\t\t\t<aside class='widget widget_recent_entries'>\n\t\t\n\t\t<h5 class=\"widget_title\">Articles r\u00e9cents<\/h5>\n\t\t<ul>\n\t\t\t\t\t\t\t\t\t\t\t<li>\n\t\t\t\t\t<a href=\"https:\/\/davidbayang.com\/index.php\/2025\/06\/07\/capaciter-les-acteurs-de-la-societe-civile\/\">Capaciter les acteurs de la soci\u00e9t\u00e9 civile<\/a>\n\t\t\t\t\t\t\t\t\t<\/li>\n\t\t\t\t\t\t\t\t\t\t\t<li>\n\t\t\t\t\t<a href=\"https:\/\/davidbayang.com\/index.php\/2019\/12\/09\/etre-humanitaire-est-il-un-metier\/\">\u00catre humanitaire, est-il un m\u00e9tier\u00a0?<\/a>\n\t\t\t\t\t\t\t\t\t<\/li>\n\t\t\t\t\t\t\t\t\t\t\t<li>\n\t\t\t\t\t<a href=\"https:\/\/davidbayang.com\/index.php\/2016\/01\/22\/les-6-qualites-dun-bon-projet-de-solidarite\/\">Les 6 qualit\u00e9s d\u2019un bon Projet de solidarit\u00e9<\/a>\n\t\t\t\t\t\t\t\t\t<\/li>\n\t\t\t\t\t\t\t\t\t\t\t<li>\n\t\t\t\t\t<a href=\"https:\/\/davidbayang.com\/index.php\/2016\/01\/22\/les-grandes-etapes-de-lelaboration-dun-projet-de-solidarite\/\">Les grandes \u00e9tapes de l\u2019\u00e9laboration d\u2019un projet de solidarit\u00e9<\/a>\n\t\t\t\t\t\t\t\t\t<\/li>\n\t\t\t\t\t<\/ul>\n\n\t\t<\/aside>\t\t\t\t<\/div>\n\t\t\t\t<\/div>\n\t\t\t\t\t<\/div>\n\t\t<\/div>\n\t\t\t\t\t<\/div>\n\t\t<\/section>\n\t\t\t\t<\/div>\n\t\t    \n<\/div>\t\t\t\t<\/div>\n\t\t\t\t<\/div>\n\t\t\t\t\t<\/div>\n\t\t<\/div>\n\t\t\t\t\t<\/div>\n\t\t<\/section>\n\t\t\t\t<\/div>\n\t\t","protected":false},"excerpt":{"rendered":"<p>[vc_row][vc_column width=&#8221;2\/3&#8243;][stm_news loop=&#8221;size:5|post_type:stm_works&#8221; view_style=&#8221;style_3&#8243; img_size=&#8221;260&#215;170&#8243;][\/vc_column][vc_column width=&#8221;1\/3&#8243;][stm_sidebar sidebar=&#8221;573&#8243;][\/vc_column][\/vc_row]<\/p>\n","protected":false},"author":1,"featured_media":0,"parent":0,"menu_order":0,"comment_status":"closed","ping_status":"closed","template":"","meta":{"footnotes":""},"class_list":["post-6318","page","type-page","status-publish","hentry"],"jetpack_sharing_enabled":true,"_links":{"self":[{"href":"https:\/\/davidbayang.com\/index.php\/wp-json\/wp\/v2\/pages\/6318","targetHints":{"allow":["GET"]}}],"collection":[{"href":"https:\/\/davidbayang.com\/index.php\/wp-json\/wp\/v2\/pages"}],"about":[{"href":"https:\/\/davidbayang.com\/index.php\/wp-json\/wp\/v2\/types\/page"}],"author":[{"embeddable":true,"href":"https:\/\/davidbayang.com\/index.php\/wp-json\/wp\/v2\/users\/1"}],"replies":[{"embeddable":true,"href":"https:\/\/davidbayang.com\/index.php\/wp-json\/wp\/v2\/comments?post=6318"}],"version-history":[{"count":0,"href":"https:\/\/davidbayang.com\/index.php\/wp-json\/wp\/v2\/pages\/6318\/revisions"}],"wp:attachment":[{"href":"https:\/\/davidbayang.com\/index.php\/wp-json\/wp\/v2\/media?parent=6318"}],"curies":[{"name":"wp","href":"https:\/\/api.w.org\/{rel}","templated":true}]}}